{"id":68,"date":"2026-01-04T19:15:39","date_gmt":"2026-01-04T19:15:39","guid":{"rendered":"https:\/\/tartaksochor.pl\/?page_id=68"},"modified":"2026-01-14T19:06:54","modified_gmt":"2026-01-14T19:06:54","slug":"kontakt","status":"publish","type":"page","link":"https:\/\/tartaksochor.pl\/?page_id=68","title":{"rendered":"Kontakt"},"content":{"rendered":"\n<div style=\"height:40px\" aria-hidden=\"true\" class=\"wp-block-spacer\"><\/div>\n\n\n\n<div class=\"wp-block-media-text has-media-on-the-right is-stacked-on-mobile\" style=\"grid-template-columns:auto 59%\"><div class=\"wp-block-media-text__content\">\n<p class=\"has-text-align-center has-white-color has-primary-background-color has-text-color has-background has-link-color has-poppins-font-family has-upper-heading-font-size wp-elements-8075ac8877387974aa6bdb29d9d40032\"><strong>Tartak Sochor Sp\u00f3\u0142ka Jawna<\/strong><br>Sprzeda\u017c drewna budowlanego i stolarskiego<\/p>\n\n\n\n<p class=\"has-text-align-center\"><a href=\"https:\/\/www.google.com\/maps\/place\/Tartak+Sochor\/@50.813697,17.916896,14z\/data=!4m6!3m5!1s0x4710455b610029a3:0xee0b666aba754ba5!8m2!3d50.8127749!4d17.9178398!16s%2Fg%2F1tm0rwr_?hl=pl&amp;entry=ttu&amp;g_ep=EgoyMDI1MTIwOS4wIKXMDSoKLDEwMDc5MjA2OUgBUAM%3D\" target=\"_blank\" rel=\"noreferrer noopener\">Brynica, ul. M\u0142y\u0144ska 5<br>46-024 \u0141ubniany, woj. opolskie<\/a><\/p>\n<\/div><figure class=\"wp-block-media-text__media\"><a href=\"https:\/\/www.google.com\/maps\/place\/Tartak+Sochor\/@50.813697,17.916896,14z\/data=!4m6!3m5!1s0x4710455b610029a3:0xee0b666aba754ba5!8m2!3d50.8127749!4d17.9178398!16s%2Fg%2F1tm0rwr_?hl=pl&amp;entry=ttu&amp;g_ep=EgoyMDI1MTIwOS4wIKXMDSoKLDEwMDc5MjA2OUgBUAM%3D\" target=\"_blank\" rel=\" noreferrer noopener\"><img loading=\"lazy\" decoding=\"async\" width=\"1024\" height=\"639\" src=\"https:\/\/tartaksochor.pl\/wp-content\/uploads\/2026\/01\/Lokalizacja-1024x639.jpg\" alt=\"\" class=\"wp-image-188 size-full\" srcset=\"https:\/\/tartaksochor.pl\/wp-content\/uploads\/2026\/01\/Lokalizacja-1024x639.jpg 1024w, https:\/\/tartaksochor.pl\/wp-content\/uploads\/2026\/01\/Lokalizacja-300x187.jpg 300w, https:\/\/tartaksochor.pl\/wp-content\/uploads\/2026\/01\/Lokalizacja-768x479.jpg 768w, https:\/\/tartaksochor.pl\/wp-content\/uploads\/2026\/01\/Lokalizacja-1536x959.jpg 1536w, https:\/\/tartaksochor.pl\/wp-content\/uploads\/2026\/01\/Lokalizacja-2048x1278.jpg 2048w\" sizes=\"auto, (max-width: 1024px) 100vw, 1024px\" \/><\/a><\/figure><\/div>\n\n\n\n<h2 class=\"wp-block-heading has-text-align-center has-white-color has-tertiary-background-color has-text-color has-background has-link-color has-poppins-font-family has-upper-heading-font-size wp-elements-c08e469b34a4eac3c25652461587a28f\"><strong>Tartak czynny:<\/strong><\/h2>\n\n\n\n<div class=\"wp-block-media-text is-stacked-on-mobile\"><figure class=\"wp-block-media-text__media\"><img loading=\"lazy\" decoding=\"async\" width=\"1024\" height=\"577\" src=\"https:\/\/tartaksochor.pl\/wp-content\/uploads\/2026\/01\/Sochor1c-1024x577.jpeg\" alt=\"\" class=\"wp-image-193 size-full\" srcset=\"https:\/\/tartaksochor.pl\/wp-content\/uploads\/2026\/01\/Sochor1c-1024x577.jpeg 1024w, https:\/\/tartaksochor.pl\/wp-content\/uploads\/2026\/01\/Sochor1c-300x169.jpeg 300w, https:\/\/tartaksochor.pl\/wp-content\/uploads\/2026\/01\/Sochor1c-768x433.jpeg 768w, https:\/\/tartaksochor.pl\/wp-content\/uploads\/2026\/01\/Sochor1c-1536x865.jpeg 1536w, https:\/\/tartaksochor.pl\/wp-content\/uploads\/2026\/01\/Sochor1c.jpeg 1800w\" sizes=\"auto, (max-width: 1024px) 100vw, 1024px\" \/><\/figure><div class=\"wp-block-media-text__content\">\n<ul class=\"wp-block-list\">\n<li class=\"has-poppins-font-family has-upper-heading-font-size\">od poniedzia\u0142ku do pi\u0105tku od 7<sup>00<\/sup>&nbsp;do 16<sup>00<\/sup><\/li>\n\n\n\n<li class=\"has-poppins-font-family has-upper-heading-font-size\">sobota od 8<sup>00<\/sup>&nbsp;do 12<sup>00<\/sup><\/li>\n<\/ul>\n\n\n\n<p class=\"has-text-align-left has-poppins-font-family has-upper-heading-font-size\"><strong>tel. 77 427 05 00<\/strong><\/p>\n\n\n\n<p class=\"has-poppins-font-family has-medium-font-size\"><br>e-mail:&nbsp;<a href=\"mailto:biuro@tartaksochor.pl\">biuro@tartaksochor.pl<\/a><\/p>\n\n\n\n<p class=\"has-poppins-font-family has-medium-font-size\">NIP: 9910266900, <\/p>\n\n\n\n<p class=\"has-poppins-font-family has-medium-font-size\">REGON: 532387872, <\/p>\n\n\n\n<p class=\"has-poppins-font-family has-medium-font-size\">KRS: 0000157974<\/p>\n<\/div><\/div>\n\n\n\n<p class=\"has-text-align-center has-white-color has-primary-background-color has-text-color has-background has-link-color has-poppins-font-family has-upper-heading-font-size wp-elements-aa0997e9a756246a7c191395f9698541\"><em>Masz pytania lub potrzebujesz pomocy?<\/em> <em>Skontaktuj si\u0119 z nami \u2014 ch\u0119tnie doradzimy!<\/em><br><em>Zadzwo\u0144 pod nasz numer telefonu lub wype\u0142nij kr\u00f3tki formularz kontaktowy na stronie, a nasz zesp\u00f3\u0142 odpowie tak szybko, jak to mo\u017cliwe.<\/em><\/p>\n\n\n\n<style id=\"wpforms-css-vars-216\">\n\t\t\t\t#wpforms-216 {\n\t\t\t\t--wpforms-container-padding: 0px;\n--wpforms-container-border-width: 1px;\n--wpforms-container-border-radius: 3px;\n--wpforms-background-color: rgba(0, 0, 0, 0);\n--wpforms-field-size-input-height: 43px;\n--wpforms-field-size-input-spacing: 15px;\n--wpforms-field-size-font-size: 16px;\n--wpforms-field-size-line-height: 19px;\n--wpforms-field-size-padding-h: 14px;\n--wpforms-field-size-checkbox-size: 16px;\n--wpforms-field-size-sublabel-spacing: 5px;\n--wpforms-field-size-icon-size: 1;\n--wpforms-label-size-font-size: 16px;\n--wpforms-label-size-line-height: 19px;\n--wpforms-label-size-sublabel-font-size: 14px;\n--wpforms-label-size-sublabel-line-height: 17px;\n--wpforms-button-size-font-size: 17px;\n--wpforms-button-size-height: 41px;\n--wpforms-button-size-padding-h: 15px;\n--wpforms-button-size-margin-top: 10px;\n--wpforms-container-shadow-size-box-shadow: none;\n\t\t\t}\n\t\t\t<\/style><div class=\"wpforms-container wpforms-container-full wpforms-render-modern\" id=\"wpforms-216\"><form id=\"wpforms-form-216\" class=\"wpforms-validate wpforms-form\" data-formid=\"216\" method=\"post\" enctype=\"multipart\/form-data\" action=\"\/index.php?rest_route=%2Fwp%2Fv2%2Fpages%2F68\" data-token=\"d29648f2c4ef9a9609faaf8e08eced26\" data-token-time=\"1776423791\"><noscript class=\"wpforms-error-noscript\">Aby wype\u0142ni\u0107 ten formularz, w\u0142\u0105cz obs\u0142ug\u0119 JavaScript w przegl\u0105darce.<\/noscript><div id=\"wpforms-error-noscript\" style=\"display: none;\">Aby wype\u0142ni\u0107 ten formularz, w\u0142\u0105cz obs\u0142ug\u0119 JavaScript w przegl\u0105darce.<\/div><div class=\"wpforms-field-container\"><div id=\"wpforms-216-field_1-container\" class=\"wpforms-field wpforms-field-name\" data-field-id=\"1\"><fieldset><legend class=\"wpforms-field-label\">Imi\u0119 i nazwisko<\/legend><div class=\"wpforms-field-row wpforms-field-medium\"><div class=\"wpforms-field-row-block wpforms-first wpforms-one-half\"><input type=\"text\" id=\"wpforms-216-field_1\" class=\"wpforms-field-name-first\" name=\"wpforms[fields][1][first]\" aria-errormessage=\"wpforms-216-field_1-error\" ><label for=\"wpforms-216-field_1\" class=\"wpforms-field-sublabel after wpforms-sublabel-hide\">Pierwszy<\/label><\/div><div class=\"wpforms-field-row-block wpforms-one-half\"><input type=\"text\" id=\"wpforms-216-field_1-last\" class=\"wpforms-field-name-last\" name=\"wpforms[fields][1][last]\" aria-errormessage=\"wpforms-216-field_1-last-error\" ><label for=\"wpforms-216-field_1-last\" class=\"wpforms-field-sublabel after wpforms-sublabel-hide\">Ostatni<\/label><\/div><\/div><\/fieldset><\/div>\t\t<div id=\"wpforms-216-field_4-container\"\n\t\t\tclass=\"wpforms-field wpforms-field-text\"\n\t\t\tdata-field-type=\"text\"\n\t\t\tdata-field-id=\"4\"\n\t\t\t>\n\t\t\t<label class=\"wpforms-field-label\" for=\"wpforms-216-field_4\" >nadawcy Wiadomo\u015b\u0107 nazwisko<\/label>\n\t\t\t<input type=\"text\" id=\"wpforms-216-field_4\" class=\"wpforms-field-medium\" name=\"wpforms[fields][4]\" >\n\t\t<\/div>\n\t\t<div id=\"wpforms-216-field_2-container\" class=\"wpforms-field wpforms-field-email\" data-field-id=\"2\"><label class=\"wpforms-field-label\" for=\"wpforms-216-field_2\">Adres e-mail nadawcy<\/label><input type=\"email\" id=\"wpforms-216-field_2\" class=\"wpforms-field-medium\" name=\"wpforms[fields][2]\" spellcheck=\"false\" aria-errormessage=\"wpforms-216-field_2-error\" ><\/div><div id=\"wpforms-216-field_3-container\" class=\"wpforms-field wpforms-field-textarea\" data-field-id=\"3\"><label class=\"wpforms-field-label\" for=\"wpforms-216-field_3\">Wiadomo\u015b\u0107<\/label><textarea id=\"wpforms-216-field_3\" class=\"wpforms-field-medium\" name=\"wpforms[fields][3]\" aria-errormessage=\"wpforms-216-field_3-error\" ><\/textarea><\/div><script>\n\t\t\t\t( function() {\n\t\t\t\t\tconst style = document.createElement( 'style' );\n\t\t\t\t\tstyle.appendChild( document.createTextNode( '#wpforms-216-field_4-container { position: absolute !important; overflow: hidden !important; display: inline !important; height: 1px !important; width: 1px !important; z-index: -1000 !important; padding: 0 !important; } #wpforms-216-field_4-container input { visibility: hidden; } #wpforms-conversational-form-page #wpforms-216-field_4-container label { counter-increment: none; }' ) );\n\t\t\t\t\tdocument.head.appendChild( style );\n\t\t\t\t\tdocument.currentScript?.remove();\n\t\t\t\t} )();\n\t\t\t<\/script><\/div><!-- .wpforms-field-container --><div class=\"wpforms-submit-container\" ><input type=\"hidden\" name=\"wpforms[id]\" value=\"216\"><input type=\"hidden\" name=\"page_title\" value=\"\"><input type=\"hidden\" name=\"page_url\" value=\"https:\/\/tartaksochor.pl\/index.php?rest_route=\/wp\/v2\/pages\/68\"><input type=\"hidden\" name=\"url_referer\" value=\"\"><button type=\"submit\" name=\"wpforms[submit]\" id=\"wpforms-submit-216\" class=\"wpforms-submit\" data-alt-text=\"Wysy\u0142anie...\" data-submit-text=\"Wy\u015blij\" aria-live=\"assertive\" value=\"wpforms-submit\">Wy\u015blij<\/button><\/div><\/form><\/div>  <!-- .wpforms-container -->\n\n\n\n<p><\/p>\n","protected":false},"excerpt":{"rendered":"<p>Tartak Sochor Sp\u00f3\u0142ka JawnaSprzeda\u017c drewna budowlanego i stolarskiego Brynica, ul. M\u0142y\u0144ska 546-024 \u0141ubniany, woj. opolskie Tartak czynny: Masz pytania lub potrzebujesz pomocy? Skontaktuj si\u0119 z nami \u2014 ch\u0119tnie doradzimy!Zadzwo\u0144 pod nasz numer telefonu lub wype\u0142nij kr\u00f3tki formularz kontaktowy na stronie, a nasz zesp\u00f3\u0142 odpowie tak szybko, jak to mo\u017cliwe.<\/p>\n","protected":false},"author":1,"featured_media":0,"parent":0,"menu_order":4,"comment_status":"closed","ping_status":"closed","template":"","meta":{"footnotes":""},"class_list":["post-68","page","type-page","status-publish","hentry"],"yoast_head":"<!-- This site is optimized with the Yoast SEO plugin v27.4 - https:\/\/yoast.com\/product\/yoast-seo-wordpress\/ -->\n<title>Kontakt - Tartak Sochor - Sp\u00f3\u0142ka Jawna<\/title>\n<meta name=\"robots\" content=\"index, follow, max-snippet:-1, max-image-preview:large, max-video-preview:-1\" \/>\n<link rel=\"canonical\" href=\"https:\/\/tartaksochor.pl\/?page_id=68\" \/>\n<meta property=\"og:locale\" content=\"pl_PL\" \/>\n<meta property=\"og:type\" content=\"article\" \/>\n<meta property=\"og:title\" content=\"Kontakt - Tartak Sochor - Sp\u00f3\u0142ka Jawna\" \/>\n<meta property=\"og:description\" content=\"Tartak Sochor Sp\u00f3\u0142ka JawnaSprzeda\u017c drewna budowlanego i stolarskiego Brynica, ul. M\u0142y\u0144ska 546-024 \u0141ubniany, woj. opolskie Tartak czynny: Masz pytania lub potrzebujesz pomocy? Skontaktuj si\u0119 z nami \u2014 ch\u0119tnie doradzimy!Zadzwo\u0144 pod nasz numer telefonu lub wype\u0142nij kr\u00f3tki formularz kontaktowy na stronie, a nasz zesp\u00f3\u0142 odpowie tak szybko, jak to mo\u017cliwe.\" \/>\n<meta property=\"og:url\" content=\"https:\/\/tartaksochor.pl\/?page_id=68\" \/>\n<meta property=\"og:site_name\" content=\"Tartak Sochor - Sp\u00f3\u0142ka Jawna\" \/>\n<meta property=\"article:modified_time\" content=\"2026-01-14T19:06:54+00:00\" \/>\n<meta property=\"og:image\" content=\"https:\/\/tartaksochor.pl\/wp-content\/uploads\/2026\/01\/Lokalizacja.jpg\" \/>\n\t<meta property=\"og:image:width\" content=\"2400\" \/>\n\t<meta property=\"og:image:height\" content=\"1498\" \/>\n\t<meta property=\"og:image:type\" content=\"image\/jpeg\" \/>\n<meta name=\"twitter:card\" content=\"summary_large_image\" \/>\n<meta name=\"twitter:label1\" content=\"Szacowany czas czytania\" \/>\n\t<meta name=\"twitter:data1\" content=\"1 minuta\" \/>\n<script type=\"application\/ld+json\" class=\"yoast-schema-graph\">{\"@context\":\"https:\\\/\\\/schema.org\",\"@graph\":[{\"@type\":\"WebPage\",\"@id\":\"https:\\\/\\\/tartaksochor.pl\\\/?page_id=68\",\"url\":\"https:\\\/\\\/tartaksochor.pl\\\/?page_id=68\",\"name\":\"Kontakt - Tartak Sochor - Sp\u00f3\u0142ka Jawna\",\"isPartOf\":{\"@id\":\"https:\\\/\\\/tartaksochor.pl\\\/#website\"},\"primaryImageOfPage\":{\"@id\":\"https:\\\/\\\/tartaksochor.pl\\\/?page_id=68#primaryimage\"},\"image\":{\"@id\":\"https:\\\/\\\/tartaksochor.pl\\\/?page_id=68#primaryimage\"},\"thumbnailUrl\":\"https:\\\/\\\/tartaksochor.pl\\\/wp-content\\\/uploads\\\/2026\\\/01\\\/Lokalizacja-1024x639.jpg\",\"datePublished\":\"2026-01-04T19:15:39+00:00\",\"dateModified\":\"2026-01-14T19:06:54+00:00\",\"breadcrumb\":{\"@id\":\"https:\\\/\\\/tartaksochor.pl\\\/?page_id=68#breadcrumb\"},\"inLanguage\":\"pl-PL\",\"potentialAction\":[{\"@type\":\"ReadAction\",\"target\":[\"https:\\\/\\\/tartaksochor.pl\\\/?page_id=68\"]}]},{\"@type\":\"ImageObject\",\"inLanguage\":\"pl-PL\",\"@id\":\"https:\\\/\\\/tartaksochor.pl\\\/?page_id=68#primaryimage\",\"url\":\"https:\\\/\\\/tartaksochor.pl\\\/wp-content\\\/uploads\\\/2026\\\/01\\\/Lokalizacja.jpg\",\"contentUrl\":\"https:\\\/\\\/tartaksochor.pl\\\/wp-content\\\/uploads\\\/2026\\\/01\\\/Lokalizacja.jpg\",\"width\":2400,\"height\":1498},{\"@type\":\"BreadcrumbList\",\"@id\":\"https:\\\/\\\/tartaksochor.pl\\\/?page_id=68#breadcrumb\",\"itemListElement\":[{\"@type\":\"ListItem\",\"position\":1,\"name\":\"Strona g\u0142\u00f3wna\",\"item\":\"https:\\\/\\\/tartaksochor.pl\\\/\"},{\"@type\":\"ListItem\",\"position\":2,\"name\":\"Kontakt\"}]},{\"@type\":\"WebSite\",\"@id\":\"https:\\\/\\\/tartaksochor.pl\\\/#website\",\"url\":\"https:\\\/\\\/tartaksochor.pl\\\/\",\"name\":\"Tartak Sochor - Sp\u00f3\u0142ka Jawna\",\"description\":\"Drewno budowlane i dla stolarzy\",\"publisher\":{\"@id\":\"https:\\\/\\\/tartaksochor.pl\\\/#organization\"},\"potentialAction\":[{\"@type\":\"SearchAction\",\"target\":{\"@type\":\"EntryPoint\",\"urlTemplate\":\"https:\\\/\\\/tartaksochor.pl\\\/?s={search_term_string}\"},\"query-input\":{\"@type\":\"PropertyValueSpecification\",\"valueRequired\":true,\"valueName\":\"search_term_string\"}}],\"inLanguage\":\"pl-PL\"},{\"@type\":\"Organization\",\"@id\":\"https:\\\/\\\/tartaksochor.pl\\\/#organization\",\"name\":\"Tartak Sochor - Sp\u00f3\u0142ka Jawna\",\"url\":\"https:\\\/\\\/tartaksochor.pl\\\/\",\"logo\":{\"@type\":\"ImageObject\",\"inLanguage\":\"pl-PL\",\"@id\":\"https:\\\/\\\/tartaksochor.pl\\\/#\\\/schema\\\/logo\\\/image\\\/\",\"url\":\"https:\\\/\\\/tartaksochor.pl\\\/wp-content\\\/uploads\\\/2026\\\/01\\\/logo.png\",\"contentUrl\":\"https:\\\/\\\/tartaksochor.pl\\\/wp-content\\\/uploads\\\/2026\\\/01\\\/logo.png\",\"width\":493,\"height\":81,\"caption\":\"Tartak Sochor - Sp\u00f3\u0142ka Jawna\"},\"image\":{\"@id\":\"https:\\\/\\\/tartaksochor.pl\\\/#\\\/schema\\\/logo\\\/image\\\/\"}}]}<\/script>\n<!-- \/ Yoast SEO plugin. -->","yoast_head_json":{"title":"Kontakt - Tartak Sochor - Sp\u00f3\u0142ka Jawna","robots":{"index":"index","follow":"follow","max-snippet":"max-snippet:-1","max-image-preview":"max-image-preview:large","max-video-preview":"max-video-preview:-1"},"canonical":"https:\/\/tartaksochor.pl\/?page_id=68","og_locale":"pl_PL","og_type":"article","og_title":"Kontakt - Tartak Sochor - Sp\u00f3\u0142ka Jawna","og_description":"Tartak Sochor Sp\u00f3\u0142ka JawnaSprzeda\u017c drewna budowlanego i stolarskiego Brynica, ul. M\u0142y\u0144ska 546-024 \u0141ubniany, woj. opolskie Tartak czynny: Masz pytania lub potrzebujesz pomocy? Skontaktuj si\u0119 z nami \u2014 ch\u0119tnie doradzimy!Zadzwo\u0144 pod nasz numer telefonu lub wype\u0142nij kr\u00f3tki formularz kontaktowy na stronie, a nasz zesp\u00f3\u0142 odpowie tak szybko, jak to mo\u017cliwe.","og_url":"https:\/\/tartaksochor.pl\/?page_id=68","og_site_name":"Tartak Sochor - Sp\u00f3\u0142ka Jawna","article_modified_time":"2026-01-14T19:06:54+00:00","og_image":[{"width":2400,"height":1498,"url":"https:\/\/tartaksochor.pl\/wp-content\/uploads\/2026\/01\/Lokalizacja.jpg","type":"image\/jpeg"}],"twitter_card":"summary_large_image","twitter_misc":{"Szacowany czas czytania":"1 minuta"},"schema":{"@context":"https:\/\/schema.org","@graph":[{"@type":"WebPage","@id":"https:\/\/tartaksochor.pl\/?page_id=68","url":"https:\/\/tartaksochor.pl\/?page_id=68","name":"Kontakt - Tartak Sochor - Sp\u00f3\u0142ka Jawna","isPartOf":{"@id":"https:\/\/tartaksochor.pl\/#website"},"primaryImageOfPage":{"@id":"https:\/\/tartaksochor.pl\/?page_id=68#primaryimage"},"image":{"@id":"https:\/\/tartaksochor.pl\/?page_id=68#primaryimage"},"thumbnailUrl":"https:\/\/tartaksochor.pl\/wp-content\/uploads\/2026\/01\/Lokalizacja-1024x639.jpg","datePublished":"2026-01-04T19:15:39+00:00","dateModified":"2026-01-14T19:06:54+00:00","breadcrumb":{"@id":"https:\/\/tartaksochor.pl\/?page_id=68#breadcrumb"},"inLanguage":"pl-PL","potentialAction":[{"@type":"ReadAction","target":["https:\/\/tartaksochor.pl\/?page_id=68"]}]},{"@type":"ImageObject","inLanguage":"pl-PL","@id":"https:\/\/tartaksochor.pl\/?page_id=68#primaryimage","url":"https:\/\/tartaksochor.pl\/wp-content\/uploads\/2026\/01\/Lokalizacja.jpg","contentUrl":"https:\/\/tartaksochor.pl\/wp-content\/uploads\/2026\/01\/Lokalizacja.jpg","width":2400,"height":1498},{"@type":"BreadcrumbList","@id":"https:\/\/tartaksochor.pl\/?page_id=68#breadcrumb","itemListElement":[{"@type":"ListItem","position":1,"name":"Strona g\u0142\u00f3wna","item":"https:\/\/tartaksochor.pl\/"},{"@type":"ListItem","position":2,"name":"Kontakt"}]},{"@type":"WebSite","@id":"https:\/\/tartaksochor.pl\/#website","url":"https:\/\/tartaksochor.pl\/","name":"Tartak Sochor - Sp\u00f3\u0142ka Jawna","description":"Drewno budowlane i dla stolarzy","publisher":{"@id":"https:\/\/tartaksochor.pl\/#organization"},"potentialAction":[{"@type":"SearchAction","target":{"@type":"EntryPoint","urlTemplate":"https:\/\/tartaksochor.pl\/?s={search_term_string}"},"query-input":{"@type":"PropertyValueSpecification","valueRequired":true,"valueName":"search_term_string"}}],"inLanguage":"pl-PL"},{"@type":"Organization","@id":"https:\/\/tartaksochor.pl\/#organization","name":"Tartak Sochor - Sp\u00f3\u0142ka Jawna","url":"https:\/\/tartaksochor.pl\/","logo":{"@type":"ImageObject","inLanguage":"pl-PL","@id":"https:\/\/tartaksochor.pl\/#\/schema\/logo\/image\/","url":"https:\/\/tartaksochor.pl\/wp-content\/uploads\/2026\/01\/logo.png","contentUrl":"https:\/\/tartaksochor.pl\/wp-content\/uploads\/2026\/01\/logo.png","width":493,"height":81,"caption":"Tartak Sochor - Sp\u00f3\u0142ka Jawna"},"image":{"@id":"https:\/\/tartaksochor.pl\/#\/schema\/logo\/image\/"}}]}},"_links":{"self":[{"href":"https:\/\/tartaksochor.pl\/index.php?rest_route=\/wp\/v2\/pages\/68","targetHints":{"allow":["GET"]}}],"collection":[{"href":"https:\/\/tartaksochor.pl\/index.php?rest_route=\/wp\/v2\/pages"}],"about":[{"href":"https:\/\/tartaksochor.pl\/index.php?rest_route=\/wp\/v2\/types\/page"}],"author":[{"embeddable":true,"href":"https:\/\/tartaksochor.pl\/index.php?rest_route=\/wp\/v2\/users\/1"}],"replies":[{"embeddable":true,"href":"https:\/\/tartaksochor.pl\/index.php?rest_route=%2Fwp%2Fv2%2Fcomments&post=68"}],"version-history":[{"count":20,"href":"https:\/\/tartaksochor.pl\/index.php?rest_route=\/wp\/v2\/pages\/68\/revisions"}],"predecessor-version":[{"id":298,"href":"https:\/\/tartaksochor.pl\/index.php?rest_route=\/wp\/v2\/pages\/68\/revisions\/298"}],"wp:attachment":[{"href":"https:\/\/tartaksochor.pl\/index.php?rest_route=%2Fwp%2Fv2%2Fmedia&parent=68"}],"curies":[{"name":"wp","href":"https:\/\/api.w.org\/{rel}","templated":true}]}}